{"id":9458,"date":"2020-12-07T12:34:13","date_gmt":"2020-12-07T12:34:13","guid":{"rendered":"https:\/\/xrei.com\/?page_id=9458"},"modified":"2020-12-19T08:51:37","modified_gmt":"2020-12-19T08:51:37","slug":"creditos-fotograficos","status":"publish","type":"page","link":"https:\/\/xrei.com\/pt\/creditos-fotograficos\/","title":{"rendered":"cr\u00e9ditos fotogr\u00e1ficos"},"content":{"rendered":"<p>Queres ver as tuas fotografias apreciadas por milhares de pessoas em todo o mundo, ser um dos autores do site xrei.com, e ter o teu nome representado como um dos autores da promo\u00e7\u00e3o de Portugal no mundo? &#8211; Todos agradecemos, identifica uma das atra\u00e7\u00f5es neste site que conhe\u00e7as, faz a tua melhor fotografia e envia-nos. Vamos ajudar a promover as melhores fotografias de cada local de Portugal, para que todo o mundo possa apreciar este fant\u00e1stico pa\u00eds!<\/p>\n<p>As fotografias do site <a href=\"https:\/\/xrei.com\/pt\/\">xrei.com<\/a> s\u00e3o da autoria de v\u00e1rios <a href=\"https:\/\/xrei.com\/photo-credits\/\">fot\u00f3grafos, que listamos aqui<\/a><\/p>\n","protected":false},"excerpt":{"rendered":"<p>Queres ver as tuas fotografias apreciadas por milhares de pessoas em todo o mundo, ser um dos autores do site xrei.com, e ter o teu nome representado como um dos autores da promo\u00e7\u00e3o de Portugal no mundo? &#8211; Todos agradecemos, identifica uma das atra\u00e7\u00f5es neste site que conhe\u00e7as, faz a tua melhor fotografia e envia-nos. [&hellip;]<\/p>\n","protected":false},"author":1,"featured_media":0,"parent":0,"menu_order":0,"comment_status":"closed","ping_status":"closed","template":"","meta":{"_et_pb_use_builder":"","_et_pb_old_content":"","_et_gb_content_width":"","footnotes":""},"class_list":["post-9458","page","type-page","status-publish","hentry"],"_links":{"self":[{"href":"https:\/\/xrei.com\/pt\/wp-json\/wp\/v2\/pages\/9458","targetHints":{"allow":["GET"]}}],"collection":[{"href":"https:\/\/xrei.com\/pt\/wp-json\/wp\/v2\/pages"}],"about":[{"href":"https:\/\/xrei.com\/pt\/wp-json\/wp\/v2\/types\/page"}],"author":[{"embeddable":true,"href":"https:\/\/xrei.com\/pt\/wp-json\/wp\/v2\/users\/1"}],"replies":[{"embeddable":true,"href":"https:\/\/xrei.com\/pt\/wp-json\/wp\/v2\/comments?post=9458"}],"version-history":[{"count":0,"href":"https:\/\/xrei.com\/pt\/wp-json\/wp\/v2\/pages\/9458\/revisions"}],"wp:attachment":[{"href":"https:\/\/xrei.com\/pt\/wp-json\/wp\/v2\/media?parent=9458"}],"curies":[{"name":"wp","href":"https:\/\/api.w.org\/{rel}","templated":true}]}}