{"id":9494,"date":"2020-12-07T12:34:13","date_gmt":"2020-12-07T12:34:13","guid":{"rendered":"https:\/\/xrei.com\/?page_id=9494"},"modified":"2020-12-19T08:53:46","modified_gmt":"2020-12-19T08:53:46","slug":"credits-photo","status":"publish","type":"page","link":"https:\/\/xrei.com\/fr\/credits-photo\/","title":{"rendered":"cr\u00e9dits photo"},"content":{"rendered":"<p>Voulez-vous voir vos photographies appr\u00e9ci\u00e9es par des milliers de personnes \u00e0 travers le monde, \u00eatre l&rsquo;un des auteurs du site xrei.com et faire repr\u00e9senter votre nom comme l&rsquo;un des auteurs de la promotion du Portugal dans le monde? &#8211; Nous vous remercions tous, identifiez l&rsquo;une des attractions de ce site que vous connaissez, faites votre meilleure photo et envoyez-la nous. Nous aiderons \u00e0 promouvoir les meilleures photos de chaque endroit au Portugal, afin que tout le monde puisse profiter de ce pays fantastique!<\/p>\n<p>Les photographies sur le site <a href=\"https:\/\/xrei.com\/fr\/\"> xrei.com <\/a> ont \u00e9t\u00e9 r\u00e9alis\u00e9es par plusieurs <a href=\"https:\/\/xrei.com\/photo-credits\/\"> photographes, que nous listons ici <\/a><\/p>\n","protected":false},"excerpt":{"rendered":"<p>Voulez-vous voir vos photographies appr\u00e9ci\u00e9es par des milliers de personnes \u00e0 travers le monde, \u00eatre l&rsquo;un des auteurs du site xrei.com et faire repr\u00e9senter votre nom comme l&rsquo;un des auteurs de la promotion du Portugal dans le monde? &#8211; Nous vous remercions tous, identifiez l&rsquo;une des attractions de ce site que vous connaissez, faites votre [&hellip;]<\/p>\n","protected":false},"author":1,"featured_media":0,"parent":0,"menu_order":0,"comment_status":"closed","ping_status":"closed","template":"","meta":{"_et_pb_use_builder":"","_et_pb_old_content":"","_et_gb_content_width":"","footnotes":""},"class_list":["post-9494","page","type-page","status-publish","hentry"],"_links":{"self":[{"href":"https:\/\/xrei.com\/fr\/wp-json\/wp\/v2\/pages\/9494","targetHints":{"allow":["GET"]}}],"collection":[{"href":"https:\/\/xrei.com\/fr\/wp-json\/wp\/v2\/pages"}],"about":[{"href":"https:\/\/xrei.com\/fr\/wp-json\/wp\/v2\/types\/page"}],"author":[{"embeddable":true,"href":"https:\/\/xrei.com\/fr\/wp-json\/wp\/v2\/users\/1"}],"replies":[{"embeddable":true,"href":"https:\/\/xrei.com\/fr\/wp-json\/wp\/v2\/comments?post=9494"}],"version-history":[{"count":0,"href":"https:\/\/xrei.com\/fr\/wp-json\/wp\/v2\/pages\/9494\/revisions"}],"wp:attachment":[{"href":"https:\/\/xrei.com\/fr\/wp-json\/wp\/v2\/media?parent=9494"}],"curies":[{"name":"wp","href":"https:\/\/api.w.org\/{rel}","templated":true}]}}