{"id":9476,"date":"2020-12-07T13:23:44","date_gmt":"2020-12-07T13:23:44","guid":{"rendered":"https:\/\/xrei.com\/creditos-fotograficos\/"},"modified":"2021-01-14T17:32:03","modified_gmt":"2021-01-14T17:32:03","slug":"photo-credits","status":"publish","type":"page","link":"https:\/\/xrei.com\/fr\/photo-credits\/","title":{"rendered":"Photo credits"},"content":{"rendered":"<ul>\n<li><a href=\"https:\/\/xrei.com\/fr\/regions-du-portugal\/\">Regions of Portugal<\/a>\n<ul>\n<li>* by Mora F\u00e9ria<\/li>\n<\/ul>\n<\/li>\n<li><a href=\"https:\/\/xrei.com\/fr\/porto\/\">Porto<\/a><\/li>\n<li>Douro\n<ul>\n<li>douro.jpg by Maksym Kaharlytskyi, https:\/\/www.mktography.com<\/li>\n<li>quinta-da-pacheca.jpg by Redcharlie<\/li>\n<li>foz-do-sabor by Lu\u00eds Cardoso, http:\/\/lfac.pt\/<\/li>\n<\/ul>\n<\/li>\n<li><a href=\"https:\/\/xrei.com\/fr\/castelo-branco\/\">Castelo Branco<\/a>\n<ul>\n<li>castelo-branco.jpg by <span class=\"mw-mmv-author\">Bennekikkek<\/span><\/li>\n<\/ul>\n<\/li>\n<li><a href=\"https:\/\/xrei.com\/fr\/lisbonne\/\">Lisbon<\/a>\n<ul>\n<li>* by Mora F\u00e9ria<\/li>\n<\/ul>\n<\/li>\n<li><a href=\"https:\/\/xrei.com\/fr\/cote-de-lisbonne\/\">Lisbon coastline<\/a>\n<ul>\n<li>* by Mora F\u00e9ria<\/li>\n<\/ul>\n<\/li>\n<li><a href=\"https:\/\/xrei.com\/fr\/avenida-marginal\/\">Avenida Marginal<\/a>\n<ul>\n<li>* by Mora F\u00e9ria<\/li>\n<\/ul>\n<\/li>\n<li><a href=\"https:\/\/xrei.com\/fr\/estoril\/\">Estoril<\/a>\n<ul>\n<li>* by Mora F\u00e9ria<\/li>\n<\/ul>\n<\/li>\n<li><a href=\"https:\/\/xrei.com\/fr\/alges\/\">Alg\u00e9s<\/a>\n<ul>\n<li>* by Mora F\u00e9ria<\/li>\n<\/ul>\n<\/li>\n<li><a href=\"https:\/\/xrei.com\/fr\/belem\/\">Bel\u00e9m<\/a>\n<ul>\n<li>* by Mora F\u00e9ria<\/li>\n<\/ul>\n<\/li>\n<li><a href=\"https:\/\/xrei.com\/fr\/alcantara\/\">Alc\u00e2ntara<\/a>\n<ul>\n<li>* by Mora F\u00e9ria<\/li>\n<\/ul>\n<\/li>\n<li><a href=\"https:\/\/xrei.com\/fr\/cais-do-sodre\/\">Cais do Sodr\u00e9<\/a>\n<ul>\n<li>* by Mora F\u00e9ria<\/li>\n<\/ul>\n<\/li>\n<li><a href=\"https:\/\/xrei.com\/fr\/marvila\/\">Marvila<\/a>\n<ul>\n<li>* by Mora F\u00e9ria<\/li>\n<\/ul>\n<\/li>\n<li><a href=\"https:\/\/xrei.com\/fr\/parc-des-nations-parque-das-nacoes-expo\/\">Parque das Na\u00e7\u00f5es<\/a>\n<ul>\n<li>* by Mora F\u00e9ria<\/li>\n<\/ul>\n<\/li>\n<li><a href=\"https:\/\/xrei.com\/fr\/centro-historique-de-lisbonne\/\">Lisbon historic center<\/a>\n<ul>\n<li>* by Mora F\u00e9ria<\/li>\n<\/ul>\n<\/li>\n<li><a href=\"https:\/\/xrei.com\/fr\/avenida-da-liberdade\/\">Avenida da Liberdade<\/a>\n<ul>\n<li>* by Mora F\u00e9ria<\/li>\n<\/ul>\n<\/li>\n<li><a href=\"https:\/\/xrei.com\/fr\/alfama\/\">Alfama<\/a>\n<ul>\n<li>* by Mora F\u00e9ria<\/li>\n<\/ul>\n<\/li>\n<li><a href=\"https:\/\/xrei.com\/fr\/quartier-du-chateau-castelo\/\">Castle District<\/a>\n<ul>\n<li>* by Mora F\u00e9ria<\/li>\n<\/ul>\n<\/li>\n<li><a href=\"https:\/\/xrei.com\/fr\/graca\/\">Gra\u00e7a<\/a>\n<ul>\n<li>* by Mora F\u00e9ria<\/li>\n<\/ul>\n<\/li>\n<li><a href=\"https:\/\/xrei.com\/fr\/mouraria\/\">Mouraria<\/a>\n<ul>\n<li>* by Mora F\u00e9ria<\/li>\n<\/ul>\n<\/li>\n<li><a href=\"https:\/\/xrei.com\/fr\/baixa-de-lisboa\/\">Lisbon downtown (Baixa)<\/a>\n<ul>\n<li>* by Mora F\u00e9ria<\/li>\n<\/ul>\n<\/li>\n<li><a href=\"https:\/\/xrei.com\/fr\/bairro-alto\/\">Bairro Alto<\/a>\n<ul>\n<li>* by Mora F\u00e9ria<\/li>\n<\/ul>\n<\/li>\n<li><a href=\"https:\/\/xrei.com\/fr\/principe-real\/\">Pr\u00edncipe Real<\/a>\n<ul>\n<li>* by Mora F\u00e9ria<\/li>\n<\/ul>\n<\/li>\n<li><a href=\"https:\/\/xrei.com\/fr\/chiado\/\">Chiado<\/a>\n<ul>\n<li>* by Mora F\u00e9ria<\/li>\n<\/ul>\n<\/li>\n<li><a href=\"https:\/\/xrei.com\/fr\/centre-de-lisbonne\/\">Lisbon Center<\/a>\n<ul>\n<li>* by Mora F\u00e9ria<\/li>\n<\/ul>\n<\/li>\n<li><a href=\"https:\/\/xrei.com\/fr\/avenidas-novas\/\">Avenidas Novas<\/a>\n<ul>\n<li>* by Mora F\u00e9ria<\/li>\n<\/ul>\n<\/li>\n<li><a href=\"https:\/\/xrei.com\/fr\/arroios\/\">Arroios<\/a>\n<ul>\n<li>* by Mora F\u00e9ria<\/li>\n<\/ul>\n<\/li>\n<li><a href=\"https:\/\/xrei.com\/fr\/campo-de-ourique-et-amoreiras\/\">Campo de Ourique &amp; Amoreiras<\/a>\n<ul>\n<li>* by Mora F\u00e9ria<\/li>\n<\/ul>\n<\/li>\n<li><a href=\"https:\/\/xrei.com\/fr\/estrela\/\">Estrela<\/a>\n<ul>\n<li>* by Mora F\u00e9ria<\/li>\n<\/ul>\n<\/li>\n<li><a href=\"https:\/\/xrei.com\/fr\/bairro-de-sao-bento\/\">S\u00e3o Bento<\/a>\n<ul>\n<li>* by Mora F\u00e9ria<\/li>\n<\/ul>\n<\/li>\n<li><a href=\"https:\/\/xrei.com\/fr\/palais-sao-bento\/\">S\u00e3o Bento Palace<\/a>\n<ul>\n<li>* by Mora F\u00e9ria<\/li>\n<\/ul>\n<\/li>\n<li><a href=\"https:\/\/xrei.com\/fr\/cascais\/\">Cascais<\/a>\n<ul>\n<li>* by Mora F\u00e9ria<\/li>\n<\/ul>\n<\/li>\n<li><a href=\"https:\/\/xrei.com\/fr\/sintra\/\">Sintra<\/a>\n<ul>\n<li>* by Mora F\u00e9ria<\/li>\n<\/ul>\n<\/li>\n<li><a href=\"https:\/\/xrei.com\/fr\/mafra\/\">Mafra<\/a>\n<ul>\n<li>* by Mora F\u00e9ria<\/li>\n<\/ul>\n<\/li>\n<li><a href=\"https:\/\/xrei.com\/fr\/nazare\/\">Nazar\u00e9<\/a>\n<ul>\n<li>nazare.jpg by Jan vT, https:\/\/janvt.io\/<\/li>\n<li>nazarenas.jpg by Cec\u00edlia Schwartz, https:\/\/www.instagram.com\/casadopost\/<\/li>\n<li>praia-da-nazare.jpg by Mora F\u00e9ria<\/li>\n<li>ondas-gigantes-nazare.jpg by Sam Cornette, https:\/\/www.samcornette.com\/<\/li>\n<li>elevador-da-nazare.jpg by Sven, https:\/\/www.bigwaves-nazare.com\/<\/li>\n<\/ul>\n<\/li>\n<\/ul>\n<ul>\n<li><a href=\"https:\/\/xrei.com\/fr\/algarve\/\">Algarve<\/a>\n<ul>\n<li>* by Mora F\u00e9ria<\/li>\n<\/ul>\n<\/li>\n<\/ul>\n","protected":false},"excerpt":{"rendered":"<p>Regions of Portugal * by Mora F\u00e9ria Porto Douro douro.jpg by Maksym Kaharlytskyi, https:\/\/www.mktography.com quinta-da-pacheca.jpg by Redcharlie foz-do-sabor by Lu\u00eds Cardoso, http:\/\/lfac.pt\/ Castelo Branco castelo-branco.jpg by Bennekikkek Lisbon * by Mora F\u00e9ria Lisbon coastline * by Mora F\u00e9ria Avenida Marginal * by Mora F\u00e9ria Estoril * by Mora F\u00e9ria Alg\u00e9s * by Mora F\u00e9ria Bel\u00e9m [&hellip;]<\/p>\n","protected":false},"author":1,"featured_media":0,"parent":0,"menu_order":0,"comment_status":"closed","ping_status":"closed","template":"","meta":{"_et_pb_use_builder":"","_et_pb_old_content":"","_et_gb_content_width":"","footnotes":""},"class_list":["post-9476","page","type-page","status-publish","hentry"],"_links":{"self":[{"href":"https:\/\/xrei.com\/fr\/wp-json\/wp\/v2\/pages\/9476","targetHints":{"allow":["GET"]}}],"collection":[{"href":"https:\/\/xrei.com\/fr\/wp-json\/wp\/v2\/pages"}],"about":[{"href":"https:\/\/xrei.com\/fr\/wp-json\/wp\/v2\/types\/page"}],"author":[{"embeddable":true,"href":"https:\/\/xrei.com\/fr\/wp-json\/wp\/v2\/users\/1"}],"replies":[{"embeddable":true,"href":"https:\/\/xrei.com\/fr\/wp-json\/wp\/v2\/comments?post=9476"}],"version-history":[{"count":0,"href":"https:\/\/xrei.com\/fr\/wp-json\/wp\/v2\/pages\/9476\/revisions"}],"wp:attachment":[{"href":"https:\/\/xrei.com\/fr\/wp-json\/wp\/v2\/media?parent=9476"}],"curies":[{"name":"wp","href":"https:\/\/api.w.org\/{rel}","templated":true}]}}