{"id":3261,"date":"2020-09-23T14:01:22","date_gmt":"2020-09-23T14:01:22","guid":{"rendered":"https:\/\/xrei.com\/xrei-lisbonne\/"},"modified":"2021-06-17T13:17:45","modified_gmt":"2021-06-17T13:17:45","slug":"xrei-lisbonne","status":"publish","type":"page","link":"https:\/\/xrei.com\/fr\/","title":{"rendered":"XREI \u2022 Visites guid\u00e9es au Portugal"},"content":{"rendered":"<p>[et_pb_section fb_built=\u00a0\u00bb1&Prime; _builder_version=\u00a0\u00bb4.6.3&Prime; _module_preset=\u00a0\u00bbdefault\u00a0\u00bb][et_pb_row _builder_version=\u00a0\u00bb4.6.3&Prime; _module_preset=\u00a0\u00bbdefault\u00a0\u00bb][et_pb_column type=\u00a0\u00bb4_4&Prime; _builder_version=\u00a0\u00bb4.6.3&Prime; _module_preset=\u00a0\u00bbdefault\u00a0\u00bb][et_pb_text _builder_version=\u00a0\u00bb4.9.7&Prime; _module_preset=\u00a0\u00bbdefault\u00a0\u00bb hover_enabled=\u00a0\u00bb0&Prime; sticky_enabled=\u00a0\u00bb0&Prime;]<\/p>\n<h1 style=\"text-align: center;\">XREI<\/h1>\n<h2 style=\"text-align: center;\">Aider les gens \u00e0 se connecter avec le Portugal<\/h2>\n<p>ici, vous pouvez visiter des villages, des villes et des villes du Portugal en une journ\u00e9e, en une semaine, ou d\u00e9couvrir le meilleur endroit pour vivre au Portugal, avec des descriptions des diff\u00e9rences dans les r\u00e9gions du nord au sud du pays. <strong>XREI.com<\/strong> trouve des informations, avec des descriptions et des photographies des diff\u00e9rentes attractions \u00e0 visiter. Notre \u00e9quipe met \u00e0 jour ce site quotidiennement pour tous ceux qui souhaitent en savoir plus sur le Portugal. Bienvenue sur xrei.com!<\/p>\n<p>[\/et_pb_text][et_pb_blog fullwidth=\u00a0\u00bboff\u00a0\u00bb posts_number=\u00a0\u00bb50&Prime; include_categories=\u00a0\u00bb210,209,207,206,204,203,202,200,199,198,282,285,307,308,293&Prime; excerpt_length=\u00a0\u00bb120&Prime; show_date=\u00a0\u00bboff\u00a0\u00bb _builder_version=\u00a0\u00bb4.7.7&Prime; _module_preset=\u00a0\u00bbdefault\u00a0\u00bb][\/et_pb_blog][\/et_pb_column][\/et_pb_row][\/et_pb_section]<\/p>\n","protected":false},"excerpt":{"rendered":"<p>XREI Aider les gens \u00e0 se connecter avec le Portugal ici, vous pouvez visiter des villages, des villes et des villes du Portugal en une journ\u00e9e, en une semaine, ou d\u00e9couvrir le meilleur endroit pour vivre au Portugal, avec des descriptions des diff\u00e9rences dans les r\u00e9gions du nord au sud du pays. XREI.com trouve des [&hellip;]<\/p>\n","protected":false},"author":1,"featured_media":0,"parent":0,"menu_order":0,"comment_status":"closed","ping_status":"closed","template":"","meta":{"_et_pb_use_builder":"on","_et_pb_old_content":"","_et_gb_content_width":"","footnotes":""},"class_list":["post-3261","page","type-page","status-publish","hentry"],"_links":{"self":[{"href":"https:\/\/xrei.com\/fr\/wp-json\/wp\/v2\/pages\/3261","targetHints":{"allow":["GET"]}}],"collection":[{"href":"https:\/\/xrei.com\/fr\/wp-json\/wp\/v2\/pages"}],"about":[{"href":"https:\/\/xrei.com\/fr\/wp-json\/wp\/v2\/types\/page"}],"author":[{"embeddable":true,"href":"https:\/\/xrei.com\/fr\/wp-json\/wp\/v2\/users\/1"}],"replies":[{"embeddable":true,"href":"https:\/\/xrei.com\/fr\/wp-json\/wp\/v2\/comments?post=3261"}],"version-history":[{"count":0,"href":"https:\/\/xrei.com\/fr\/wp-json\/wp\/v2\/pages\/3261\/revisions"}],"wp:attachment":[{"href":"https:\/\/xrei.com\/fr\/wp-json\/wp\/v2\/media?parent=3261"}],"curies":[{"name":"wp","href":"https:\/\/api.w.org\/{rel}","templated":true}]}}