{"id":7108,"date":"2020-11-05T18:06:07","date_gmt":"2020-11-05T18:06:07","guid":{"rendered":"https:\/\/xrei.com\/?page_id=7108"},"modified":"2020-11-05T18:24:26","modified_gmt":"2020-11-05T18:24:26","slug":"visitas-guiadas","status":"publish","type":"page","link":"https:\/\/xrei.com\/es\/visitas-guiadas\/","title":{"rendered":"Visitas guiadas"},"content":{"rendered":"<ul>\n<li>Lisboa<\/li>\n<li>F\u00e1tima, Nazar\u00e9, Alcoba\u00e7a, Batalha e \u00d3bidos<\/li>\n<li>Sintra, Cabo da Roca, Cascais e Estoril<\/li>\n<li>Bel\u00e9m<\/li>\n<\/ul>\n","protected":false},"excerpt":{"rendered":"<p>Lisboa F\u00e1tima, Nazar\u00e9, Alcoba\u00e7a, Batalha e \u00d3bidos Sintra, Cabo da Roca, Cascais e Estoril Bel\u00e9m<\/p>\n","protected":false},"author":1,"featured_media":0,"parent":0,"menu_order":0,"comment_status":"closed","ping_status":"closed","template":"","meta":{"_et_pb_use_builder":"","_et_pb_old_content":"","_et_gb_content_width":"","footnotes":""},"class_list":["post-7108","page","type-page","status-publish","hentry"],"_links":{"self":[{"href":"https:\/\/xrei.com\/es\/wp-json\/wp\/v2\/pages\/7108","targetHints":{"allow":["GET"]}}],"collection":[{"href":"https:\/\/xrei.com\/es\/wp-json\/wp\/v2\/pages"}],"about":[{"href":"https:\/\/xrei.com\/es\/wp-json\/wp\/v2\/types\/page"}],"author":[{"embeddable":true,"href":"https:\/\/xrei.com\/es\/wp-json\/wp\/v2\/users\/1"}],"replies":[{"embeddable":true,"href":"https:\/\/xrei.com\/es\/wp-json\/wp\/v2\/comments?post=7108"}],"version-history":[{"count":0,"href":"https:\/\/xrei.com\/es\/wp-json\/wp\/v2\/pages\/7108\/revisions"}],"wp:attachment":[{"href":"https:\/\/xrei.com\/es\/wp-json\/wp\/v2\/media?parent=7108"}],"curies":[{"name":"wp","href":"https:\/\/api.w.org\/{rel}","templated":true}]}}