{"id":3269,"date":"2020-09-23T14:01:22","date_gmt":"2020-09-23T14:01:22","guid":{"rendered":"https:\/\/xrei.com\/xrei-lisboa\/"},"modified":"2021-06-17T13:18:46","modified_gmt":"2021-06-17T13:18:46","slug":"xrei-lisboa","status":"publish","type":"page","link":"https:\/\/xrei.com\/es\/","title":{"rendered":"XREI \u2022 Visitas tur\u00edsticas guiadas en Portugal"},"content":{"rendered":"<p>[et_pb_section fb_built=\u00bb1&#8243; _builder_version=\u00bb4.6.3&#8243; _module_preset=\u00bbdefault\u00bb][et_pb_row _builder_version=\u00bb4.6.3&#8243; _module_preset=\u00bbdefault\u00bb][et_pb_column type=\u00bb4_4&#8243; _builder_version=\u00bb4.6.3&#8243; _module_preset=\u00bbdefault\u00bb][et_pb_text _builder_version=\u00bb4.9.7&#8243; _module_preset=\u00bbdefault\u00bb hover_enabled=\u00bb0&#8243; sticky_enabled=\u00bb0&#8243;]<\/p>\n<h1 style=\"text-align: center;\">XREI<\/h1>\n<h2 style=\"text-align: center;\">Ayudando a las personas a conectarse con Portugal<\/h2>\n<p>aqu\u00ed puede visitar pueblos, ciudades y pueblos de Portugal en un d\u00eda, en una semana, o descubrir el mejor lugar para vivir en Portugal, con descripciones de las diferencias en las regiones de norte a sur del pa\u00eds. <strong>XREI.com<\/strong> busca informaci\u00f3n, con descripciones y fotograf\u00edas de los distintos atractivos a visitar. Nuestro equipo actualiza este sitio a diario para todos los que buscan saber m\u00e1s sobre Portugal. \u00a1Bienvenido a xrei.com!<\/p>\n<p>[\/et_pb_text][et_pb_blog fullwidth=\u00bboff\u00bb posts_number=\u00bb50&#8243; include_categories=\u00bb210,209,207,206,204,203,202,200,199,198,282,285,307,308,293&#8243; excerpt_length=\u00bb120&#8243; show_date=\u00bboff\u00bb _builder_version=\u00bb4.7.7&#8243; _module_preset=\u00bbdefault\u00bb][\/et_pb_blog][\/et_pb_column][\/et_pb_row][\/et_pb_section]<\/p>\n","protected":false},"excerpt":{"rendered":"<p>XREI Ayudando a las personas a conectarse con Portugal aqu\u00ed puede visitar pueblos, ciudades y pueblos de Portugal en un d\u00eda, en una semana, o descubrir el mejor lugar para vivir en Portugal, con descripciones de las diferencias en las regiones de norte a sur del pa\u00eds. XREI.com busca informaci\u00f3n, con descripciones y fotograf\u00edas de [&hellip;]<\/p>\n","protected":false},"author":1,"featured_media":0,"parent":0,"menu_order":0,"comment_status":"closed","ping_status":"closed","template":"","meta":{"_et_pb_use_builder":"on","_et_pb_old_content":"","_et_gb_content_width":"","footnotes":""},"class_list":["post-3269","page","type-page","status-publish","hentry"],"_links":{"self":[{"href":"https:\/\/xrei.com\/es\/wp-json\/wp\/v2\/pages\/3269","targetHints":{"allow":["GET"]}}],"collection":[{"href":"https:\/\/xrei.com\/es\/wp-json\/wp\/v2\/pages"}],"about":[{"href":"https:\/\/xrei.com\/es\/wp-json\/wp\/v2\/types\/page"}],"author":[{"embeddable":true,"href":"https:\/\/xrei.com\/es\/wp-json\/wp\/v2\/users\/1"}],"replies":[{"embeddable":true,"href":"https:\/\/xrei.com\/es\/wp-json\/wp\/v2\/comments?post=3269"}],"version-history":[{"count":0,"href":"https:\/\/xrei.com\/es\/wp-json\/wp\/v2\/pages\/3269\/revisions"}],"wp:attachment":[{"href":"https:\/\/xrei.com\/es\/wp-json\/wp\/v2\/media?parent=3269"}],"curies":[{"name":"wp","href":"https:\/\/api.w.org\/{rel}","templated":true}]}}