{"id":9498,"date":"2020-12-07T12:34:13","date_gmt":"2020-12-07T12:34:13","guid":{"rendered":"https:\/\/xrei.com\/?page_id=9498"},"modified":"2020-12-19T08:53:16","modified_gmt":"2020-12-19T08:53:16","slug":"bildnachweis","status":"publish","type":"page","link":"https:\/\/xrei.com\/de\/bildnachweis\/","title":{"rendered":"Bildnachweis"},"content":{"rendered":"<p>M\u00f6chten Sie Ihre Fotos von Tausenden von Menschen auf der ganzen Welt sch\u00e4tzen sehen, einer der Autoren der Website xrei.com sein und Ihren Namen als einen der Autoren der weltweiten Werbung f\u00fcr Portugal vertreten lassen? &#8211; Wir alle danken Ihnen, identifizieren Sie eine der Attraktionen auf dieser Website, die Sie kennen, machen Sie Ihr bestes Foto und senden Sie es uns. Wir werden dazu beitragen, die besten Fotos von jedem Ort in Portugal zu bewerben, damit jeder dieses fantastische Land genie\u00dfen kann!<\/p>\n<p>Die Fotos auf der Website <a href=\"https:\/\/xrei.com\/de\/\"> xrei.com <\/a> stammen von mehreren <a href=\"https:\/\/xrei.com\/photo-credits\/\"> Fotografen, die wir hier auflisten <\/a><\/p>\n","protected":false},"excerpt":{"rendered":"<p>M\u00f6chten Sie Ihre Fotos von Tausenden von Menschen auf der ganzen Welt sch\u00e4tzen sehen, einer der Autoren der Website xrei.com sein und Ihren Namen als einen der Autoren der weltweiten Werbung f\u00fcr Portugal vertreten lassen? &#8211; Wir alle danken Ihnen, identifizieren Sie eine der Attraktionen auf dieser Website, die Sie kennen, machen Sie Ihr bestes [&hellip;]<\/p>\n","protected":false},"author":1,"featured_media":0,"parent":0,"menu_order":0,"comment_status":"closed","ping_status":"closed","template":"","meta":{"_et_pb_use_builder":"","_et_pb_old_content":"","_et_gb_content_width":"","footnotes":""},"class_list":["post-9498","page","type-page","status-publish","hentry"],"_links":{"self":[{"href":"https:\/\/xrei.com\/de\/wp-json\/wp\/v2\/pages\/9498","targetHints":{"allow":["GET"]}}],"collection":[{"href":"https:\/\/xrei.com\/de\/wp-json\/wp\/v2\/pages"}],"about":[{"href":"https:\/\/xrei.com\/de\/wp-json\/wp\/v2\/types\/page"}],"author":[{"embeddable":true,"href":"https:\/\/xrei.com\/de\/wp-json\/wp\/v2\/users\/1"}],"replies":[{"embeddable":true,"href":"https:\/\/xrei.com\/de\/wp-json\/wp\/v2\/comments?post=9498"}],"version-history":[{"count":0,"href":"https:\/\/xrei.com\/de\/wp-json\/wp\/v2\/pages\/9498\/revisions"}],"wp:attachment":[{"href":"https:\/\/xrei.com\/de\/wp-json\/wp\/v2\/media?parent=9498"}],"curies":[{"name":"wp","href":"https:\/\/api.w.org\/{rel}","templated":true}]}}