{"id":3263,"date":"2020-09-23T14:01:22","date_gmt":"2020-09-23T14:01:22","guid":{"rendered":"https:\/\/xrei.com\/xrei-lissabon\/"},"modified":"2021-06-17T13:17:59","modified_gmt":"2021-06-17T13:17:59","slug":"xrei-lissabon","status":"publish","type":"page","link":"https:\/\/xrei.com\/de\/","title":{"rendered":"XREI \u2022 Gef\u00fchrte Besichtigungstouren in Portugal"},"content":{"rendered":"<p>[et_pb_section fb_built=&#8220;1&#8243; _builder_version=&#8220;4.6.3&#8243; _module_preset=&#8220;default&#8220;][et_pb_row _builder_version=&#8220;4.6.3&#8243; _module_preset=&#8220;default&#8220;][et_pb_column type=&#8220;4_4&#8243; _builder_version=&#8220;4.6.3&#8243; _module_preset=&#8220;default&#8220;][et_pb_text _builder_version=&#8220;4.9.7&#8243; _module_preset=&#8220;default&#8220; hover_enabled=&#8220;0&#8243; sticky_enabled=&#8220;0&#8243;]<\/p>\n<h1 style=\"text-align: center;\">XREI<\/h1>\n<h2 style=\"text-align: center;\">Menschen helfen, sich mit Portugal zu verbinden<\/h2>\n<p>Hier k\u00f6nnen wir D\u00f6rfer, St\u00e4dte und Gemeinden in Portugal an einem Tag oder in einer Woche besuchen oder herausfinden, wo man am besten in Portugal leben kann, mit Beschreibungen der Unterschiede in den Regionen von Nord nach S\u00fcd des Landes. <strong>XREI.com<\/strong> findet Informationen mit Beschreibungen und Fotos der verschiedenen Sehensw\u00fcrdigkeiten. Unser Team aktualisiert diese Website t\u00e4glich f\u00fcr alle, die mehr \u00fcber Portugal erfahren m\u00f6chten. Willkommen bei xrei.com!<\/p>\n<p>[\/et_pb_text][et_pb_blog fullwidth=&#8220;off&#8220; posts_number=&#8220;50&#8243; include_categories=&#8220;210,209,207,206,204,203,202,200,199,198,282,285,307,308,293&#8243; excerpt_length=&#8220;120&#8243; show_date=&#8220;off&#8220; _builder_version=&#8220;4.7.7&#8243; _module_preset=&#8220;default&#8220;][\/et_pb_blog][\/et_pb_column][\/et_pb_row][\/et_pb_section]<\/p>\n","protected":false},"excerpt":{"rendered":"<p>XREI Menschen helfen, sich mit Portugal zu verbinden Hier k\u00f6nnen wir D\u00f6rfer, St\u00e4dte und Gemeinden in Portugal an einem Tag oder in einer Woche besuchen oder herausfinden, wo man am besten in Portugal leben kann, mit Beschreibungen der Unterschiede in den Regionen von Nord nach S\u00fcd des Landes. XREI.com findet Informationen mit Beschreibungen und Fotos [&hellip;]<\/p>\n","protected":false},"author":1,"featured_media":0,"parent":0,"menu_order":0,"comment_status":"closed","ping_status":"closed","template":"","meta":{"_et_pb_use_builder":"on","_et_pb_old_content":"","_et_gb_content_width":"","footnotes":""},"class_list":["post-3263","page","type-page","status-publish","hentry"],"_links":{"self":[{"href":"https:\/\/xrei.com\/de\/wp-json\/wp\/v2\/pages\/3263","targetHints":{"allow":["GET"]}}],"collection":[{"href":"https:\/\/xrei.com\/de\/wp-json\/wp\/v2\/pages"}],"about":[{"href":"https:\/\/xrei.com\/de\/wp-json\/wp\/v2\/types\/page"}],"author":[{"embeddable":true,"href":"https:\/\/xrei.com\/de\/wp-json\/wp\/v2\/users\/1"}],"replies":[{"embeddable":true,"href":"https:\/\/xrei.com\/de\/wp-json\/wp\/v2\/comments?post=3263"}],"version-history":[{"count":0,"href":"https:\/\/xrei.com\/de\/wp-json\/wp\/v2\/pages\/3263\/revisions"}],"wp:attachment":[{"href":"https:\/\/xrei.com\/de\/wp-json\/wp\/v2\/media?parent=3263"}],"curies":[{"name":"wp","href":"https:\/\/api.w.org\/{rel}","templated":true}]}}